{"id":7,"date":"2023-10-24T17:32:12","date_gmt":"2023-10-24T17:32:12","guid":{"rendered":"https:\/\/plateformesetusages.labocinemedias.ca\/?page_id=7"},"modified":"2023-11-18T03:53:03","modified_gmt":"2023-11-18T03:53:03","slug":"accueil","status":"publish","type":"page","link":"https:\/\/plateformesetusages.labocinemedias.ca\/?page_id=7&lang=fr","title":{"rendered":"Accueil"},"content":{"rendered":"\t\t<div data-elementor-type=\"wp-page\" data-elementor-id=\"7\" class=\"elementor elementor-7\">\n\t\t\t\t\t\t\t<div class=\"elementor-element elementor-element-c949856 e-con-full e-flex e-con e-parent\" data-id=\"c949856\" data-element_type=\"container\" data-settings=\"{&quot;content_width&quot;:&quot;full&quot;}\" data-core-v316-plus=\"true\">\n\t\t\t\t<div class=\"elementor-element elementor-element-2a2b9d8 elementor-widget elementor-widget-heading\" data-id=\"2a2b9d8\" data-element_type=\"widget\" data-widget_type=\"heading.default\">\n\t\t\t\t<div class=\"elementor-widget-container\">\n\t\t\t<style>\/*! elementor - v3.17.0 - 08-11-2023 *\/\n.elementor-heading-title{padding:0;margin:0;line-height:1}.elementor-widget-heading .elementor-heading-title[class*=elementor-size-]>a{color:inherit;font-size:inherit;line-height:inherit}.elementor-widget-heading .elementor-heading-title.elementor-size-small{font-size:15px}.elementor-widget-heading .elementor-heading-title.elementor-size-medium{font-size:19px}.elementor-widget-heading .elementor-heading-title.elementor-size-large{font-size:29px}.elementor-widget-heading .elementor-heading-title.elementor-size-xl{font-size:39px}.elementor-widget-heading .elementor-heading-title.elementor-size-xxl{font-size:59px}<\/style><h2 class=\"elementor-heading-title elementor-size-xl\">Plateformes et usages<\/h2>\t\t<\/div>\n\t\t\t\t<\/div>\n\t\t\t\t<\/div>\n\t\t<div class=\"elementor-element elementor-element-1f554b2 e-flex e-con-boxed e-con e-parent\" data-id=\"1f554b2\" data-element_type=\"container\" data-settings=\"{&quot;content_width&quot;:&quot;boxed&quot;}\" data-core-v316-plus=\"true\">\n\t\t\t\t\t<div class=\"e-con-inner\">\n\t\t\t\t<div class=\"elementor-element elementor-element-441a5eb elementor-widget elementor-widget-text-editor\" data-id=\"441a5eb\" data-element_type=\"widget\" data-widget_type=\"text-editor.default\">\n\t\t\t\t<div class=\"elementor-widget-container\">\n\t\t\t<style>\/*! elementor - v3.17.0 - 08-11-2023 *\/\n.elementor-widget-text-editor.elementor-drop-cap-view-stacked .elementor-drop-cap{background-color:#69727d;color:#fff}.elementor-widget-text-editor.elementor-drop-cap-view-framed .elementor-drop-cap{color:#69727d;border:3px solid;background-color:transparent}.elementor-widget-text-editor:not(.elementor-drop-cap-view-default) .elementor-drop-cap{margin-top:8px}.elementor-widget-text-editor:not(.elementor-drop-cap-view-default) .elementor-drop-cap-letter{width:1em;height:1em}.elementor-widget-text-editor .elementor-drop-cap{float:left;text-align:center;line-height:1;font-size:50px}.elementor-widget-text-editor .elementor-drop-cap-letter{display:inline-block}<\/style>\t\t\t\t<p>La profusion qu\u2019Internet et le num\u00e9rique ont introduite dans la circulation des images permet de ne plus choisir entre l\u2019appropriation et le partage; au contraire, elle les confond [\u2026]\u2009\u00bb (Chollet, 2022\u00a0: 38-40).<\/p><p>Les plateformes num\u00e9riques ne sont pas des coquilles vides, de simples supports permettant l\u2019expression d\u2019individus et communaut\u00e9s. Elles nous offrent (ou nous imposent) des balises qui contiennent ou propulsent \u00e0 nouveaux frais nos modalit\u00e9s de consommation et de cr\u00e9ation.<\/p><p><em>Plateformes et usages\/Platforms and uses<\/em> est un projet interdisciplinaire et international visant \u00e0 explorer et mieux comprendre les cultures des plateformes aujourd\u2019hui. Sur ce site, vous pouvez explorer\u00a0:<\/p><p>&#8211;\u00a0\u00a0\u00a0\u00a0\u00a0\u00a0 <strong>L\u2019exposition \u00ab\u2009Espace des Plateformes\u2009\u00bb, <\/strong>situ\u00e9e au Carrefour des arts et des sciences de l\u2019Universit\u00e9 de Montr\u00e9al, salle Salle d\u2019exposition Marius-Barbeau\u00a0C-2081.<\/p><p>&#8211;\u00a0\u00a0\u00a0\u00a0\u00a0\u00a0 <strong>L\u2019\u00e9mission radiophonique<\/strong> en 16 \u00e9pisodes sur CISM 89,3\u00a0FM, la troisi\u00e8me radio la plus \u00e9cout\u00e9e \u00e0 Montr\u00e9al.<\/p><p>&#8211;\u00a0\u00a0\u00a0\u00a0\u00a0\u00a0 <strong>Le colloque international Plateformes et usages. Cin\u00e9ma, t\u00e9l\u00e9vision, jeu vid\u00e9o, cr\u00e9ation num\u00e9rique<\/strong>, une rencontre des plus important.es chercheur.es qu\u00e9b\u00e9cois.es, canadien.nes et \u00e9tranger.\u00e8res (\u00c9tats-Unis, France, Japon, Norv\u00e8ge, Pays-Bas, Su\u00e8de), sp\u00e9cialis\u00e9.es en \u00e9tudes des plateformes, des m\u00e9dias et du num\u00e9rique, provenant de disciplines diverses telles que la communication, le cin\u00e9ma, la t\u00e9l\u00e9vision, les jeux vid\u00e9o, l\u2019histoire de l\u2019art, la s\u00e9miologie et la sociolo<\/p><p>Le projet est dirig\u00e9 par <span style=\"text-decoration: underline;\">Marta Boni<\/span>, <span style=\"text-decoration: underline;\"><a href=\"https:\/\/recherche.umontreal.ca\/nos-chercheurs\/repertoire-des-professeurs\/chercheur\/is\/in15188\/\">Christine Bernier<\/a><\/span>, <span style=\"text-decoration: underline;\"><a href=\"https:\/\/recherche.umontreal.ca\/english\/our-researchers\/professors-directory\/researcher\/is\/in31207\/\">Zaira Zarza<\/a><\/span> et <span style=\"text-decoration: underline;\"><a href=\"https:\/\/histart.umontreal.ca\/repertoire-departement\/doctorantes\/doctorant\/in\/in35218\/sg\/Joyce%20Cimper\/\">Joyce Cimper<\/a><\/span> (UdeM), en collaboration avec <span style=\"text-decoration: underline;\"><a href=\"https:\/\/icca.univ-paris13.fr\/mon-profil\/laborde-barbara\/\">Barbara Laborde<\/a><\/span>,<span style=\"text-decoration: underline;\"> <a href=\"http:\/\/www.univ-paris3.fr\/m-soulez-guillaume-29899.kjsp\">Guillaume Soulez<\/a><\/span>, <span style=\"text-decoration: underline;\"><a href=\"https:\/\/ircav.fr\/member\/body-florian\/\">Florian Body<\/a><\/span> et <span style=\"text-decoration: underline;\"><a href=\"https:\/\/fr.linkedin.com\/in\/joa-neves-4a4706230\">Joa Neves<\/a> <\/span>(Sorbonne Nouvelle \u2014 Paris\u00a03).Ce projet est le fruit d\u2019une collaboration entre plusieurs institutions de recherche et groupes\u00a0:<\/p><ul><li><span style=\"text-decoration: underline;\"><a href=\"https:\/\/histart.umontreal.ca\/accueil\/\">D\u00e9partement d\u2019histoire de l\u2019art et \u00e9tudes cin\u00e9matographiques de l\u2019Universit\u00e9 de Montr\u00e9al<\/a><\/span><\/li><li><span style=\"text-decoration: underline;\"><a href=\"https:\/\/www.labotele.com\/\">Labo T\u00e9l\u00e9<\/a><\/span><\/li><li><span style=\"text-decoration: underline;\"><a href=\"http:\/\/LUDOV\" data-wplink-url-error=\"true\">LUDOV<\/a><\/span><\/li><li><span style=\"text-decoration: underline;\"><a href=\"http:\/\/GRAFIM\" data-wplink-url-error=\"true\">GRAFIM<\/a><\/span> (Groupe de recherche sur l\u2019av\u00e8nement et la formation des identit\u00e9s m\u00e9diatiques)<\/li><li><span style=\"text-decoration: underline;\"><a href=\"https:\/\/labocinemedias.ca\/en\/cinexmedia-partnership\/\">Partenariat CinEXmedia<\/a><\/span><\/li><li><span style=\"text-decoration: underline;\"><a href=\"https:\/\/www.crihn.org\/\">CRIHN<\/a> <\/span>(Centre de recherche interuniversitaire sur les humanit\u00e9s num\u00e9riques)<\/li><li><a href=\"http:\/\/www.univ-paris3.fr\"><span style=\"text-decoration: underline;\">Universit\u00e9 Sorbonne Nouvelle \u2014 Paris\u00a03<\/span><\/a><\/li><li><span style=\"text-decoration: underline;\"><a href=\"https:\/\/icca.univ-paris13.fr\/en\/accueil-icca-english\/\">Labex ICCA<\/a><\/span><\/li><\/ul>\t\t\t\t\t\t<\/div>\n\t\t\t\t<\/div>\n\t\t\t\t\t<\/div>\n\t\t\t\t<\/div>\n\t\t<div class=\"elementor-element elementor-element-c127b64 e-flex e-con-boxed e-con e-parent\" data-id=\"c127b64\" data-element_type=\"container\" data-settings=\"{&quot;content_width&quot;:&quot;boxed&quot;}\" data-core-v316-plus=\"true\">\n\t\t\t\t\t<div class=\"e-con-inner\">\n\t\t<div class=\"elementor-element elementor-element-04a34a9 e-con-full e-flex e-con e-child\" data-id=\"04a34a9\" data-element_type=\"container\" data-settings=\"{&quot;content_width&quot;:&quot;full&quot;}\">\n\t\t\t\t<div class=\"elementor-element elementor-element-26f40e6 elementor-view-default elementor-widget elementor-widget-icon\" data-id=\"26f40e6\" data-element_type=\"widget\" data-widget_type=\"icon.default\">\n\t\t\t\t<div class=\"elementor-widget-container\">\n\t\t\t\t\t<div class=\"elementor-icon-wrapper\">\n\t\t\t<a class=\"elementor-icon\" href=\"https:\/\/www.facebook.com\/labotele\/\">\n\t\t\t<i aria-hidden=\"true\" class=\"fab fa-facebook\"><\/i>\t\t\t<\/a>\n\t\t<\/div>\n\t\t\t\t<\/div>\n\t\t\t\t<\/div>\n\t\t\t\t<\/div>\n\t\t<div class=\"elementor-element elementor-element-8ca94bd e-con-full e-flex e-con e-child\" data-id=\"8ca94bd\" data-element_type=\"container\" data-settings=\"{&quot;content_width&quot;:&quot;full&quot;}\">\n\t\t\t\t<div class=\"elementor-element elementor-element-2bf5386 elementor-view-default elementor-widget elementor-widget-icon\" data-id=\"2bf5386\" data-element_type=\"widget\" data-widget_type=\"icon.default\">\n\t\t\t\t<div class=\"elementor-widget-container\">\n\t\t\t\t\t<div class=\"elementor-icon-wrapper\">\n\t\t\t<a class=\"elementor-icon\" href=\"https:\/\/www.instagram.com\/labotele_udem\/?hl=en\">\n\t\t\t<i aria-hidden=\"true\" class=\"fab fa-instagram\"><\/i>\t\t\t<\/a>\n\t\t<\/div>\n\t\t\t\t<\/div>\n\t\t\t\t<\/div>\n\t\t\t\t<\/div>\n\t\t\t\t\t<\/div>\n\t\t\t\t<\/div>\n\t\t\t\t\t\t\t<\/div>\n\t\t","protected":false},"excerpt":{"rendered":"<p>Plateformes et usages La profusion qu\u2019Internet et le num\u00e9rique ont introduite dans la circulation des images permet de ne plus choisir entre l\u2019appropriation et le partage; au contraire, elle les confond [\u2026]\u2009\u00bb (Chollet, 2022\u00a0: 38-40). Les plateformes num\u00e9riques ne sont pas des coquilles vides, de simples supports permettant l\u2019expression d\u2019individus et communaut\u00e9s. Elles nous offrent [&hellip;]<\/p>\n","protected":false},"author":1,"featured_media":0,"parent":0,"menu_order":0,"comment_status":"closed","ping_status":"closed","template":"","meta":{"footnotes":""},"class_list":["post-7","page","type-page","status-publish","hentry","entry"],"_links":{"self":[{"href":"https:\/\/plateformesetusages.labocinemedias.ca\/index.php?rest_route=\/wp\/v2\/pages\/7","targetHints":{"allow":["GET"]}}],"collection":[{"href":"https:\/\/plateformesetusages.labocinemedias.ca\/index.php?rest_route=\/wp\/v2\/pages"}],"about":[{"href":"https:\/\/plateformesetusages.labocinemedias.ca\/index.php?rest_route=\/wp\/v2\/types\/page"}],"author":[{"embeddable":true,"href":"https:\/\/plateformesetusages.labocinemedias.ca\/index.php?rest_route=\/wp\/v2\/users\/1"}],"replies":[{"embeddable":true,"href":"https:\/\/plateformesetusages.labocinemedias.ca\/index.php?rest_route=%2Fwp%2Fv2%2Fcomments&post=7"}],"version-history":[{"count":36,"href":"https:\/\/plateformesetusages.labocinemedias.ca\/index.php?rest_route=\/wp\/v2\/pages\/7\/revisions"}],"predecessor-version":[{"id":499,"href":"https:\/\/plateformesetusages.labocinemedias.ca\/index.php?rest_route=\/wp\/v2\/pages\/7\/revisions\/499"}],"wp:attachment":[{"href":"https:\/\/plateformesetusages.labocinemedias.ca\/index.php?rest_route=%2Fwp%2Fv2%2Fmedia&parent=7"}],"curies":[{"name":"wp","href":"https:\/\/api.w.org\/{rel}","templated":true}]}}